{"id":42,"date":"2017-04-24T12:10:18","date_gmt":"2017-04-24T10:10:18","guid":{"rendered":"http:\/\/signaler.no\/?page_id=42"},"modified":"2021-03-25T13:00:18","modified_gmt":"2021-03-25T12:00:18","slug":"iserv","status":"publish","type":"page","link":"https:\/\/signaler.no\/?page_id=42","title":{"rendered":"Iserv Computing AS"},"content":{"rendered":"<div id=\"intro\" class=\"option1\" style=\"border: 0px; font-family: 'Open Sans', Helvetica, Arial; font-size: 12px; font-style: normal; font-weight: normal; margin: 0px 0px 25px; outline: 0px; padding: 0px; vertical-align: baseline; color: #888888; font-variant-ligatures: normal; font-variant-caps: normal; letter-spacing: normal; orphans: 2; text-align: start; text-indent: 0px; text-transform: none; white-space: normal; widows: 2; word-spacing: 0px; -webkit-text-stroke-width: 0px; background-color: #ffffff; text-decoration-style: initial; text-decoration-color: initial;\">\n<div id=\"intro-core\">Iserv Computing AS har siden oppstarten i 2010 levert IT-Driftstjenester og utviklingstjenester til sm\u00e5 og store selskaper. Med bakgrunn i kunders ettersp\u00f8rsel etter ulike tjenester og driftsl\u00f8sninger, og \u00f8kt satsning p\u00e5 Skyteknologi har Iserv over tid bygget opp en en IT-Drifts- og Skyplattform som tilbyr Driftstjenenster, Skytjenester og Mobiltjenester fra en plattform.\u00a0 Iserv tilbyr n\u00e5 v\u00e5re kunder en komplett\u00a0Multitjeneste\u00a0l\u00f8sning levert fra en plattform til en fast pris per m\u00e5ned.<\/div>\n<\/div>\n<div id=\"main-core\" style=\"border: 0px; font-family: 'Open Sans', Helvetica, Arial; font-size: 12px; font-style: normal; font-weight: normal; margin: 0px; outline: 0px; padding: 0px; vertical-align: baseline; color: #888888; font-variant-ligatures: normal; font-variant-caps: normal; letter-spacing: normal; orphans: 2; text-align: start; text-indent: 0px; text-transform: none; white-space: normal; widows: 2; word-spacing: 0px; -webkit-text-stroke-width: 0px; background-color: #ffffff; text-decoration-style: initial; text-decoration-color: initial;\">\n<article id=\"post-953\" class=\"post-953 page type-page status-publish hentry\">\n<section class=\"elementor-section elementor-top-section elementor-element elementor-element-682fea6 elementor-section-boxed elementor-section-height-default elementor-section-height-default\" data-id=\"682fea6\" data-element_type=\"section\">\n<div class=\"elementor-container elementor-column-gap-default\">\n<div class=\"elementor-row\">\n<div class=\"elementor-column elementor-col-50 elementor-top-column elementor-element elementor-element-9b7a77b\" data-id=\"9b7a77b\" data-element_type=\"column\">\n<div class=\"elementor-column-wrap elementor-element-populated\">\n<div class=\"elementor-widget-wrap\">\n<div class=\"elementor-element elementor-element-8877535 elementor-widget elementor-widget-text-editor\" data-id=\"8877535\" data-element_type=\"widget\" data-widget_type=\"text-editor.default\">\n<div class=\"elementor-widget-container\">\n<div class=\"elementor-text-editor elementor-clearfix\">\n<p>Iserv har i den senere tid satset mer p\u00e5 mobiltjenester som en integrert del av v\u00e5r plattformtjeneste. Som et ledd i denne satsningen er Iserv tilknyttet\u00a0Mobit\u00a0kjeden for \u00e5 bli en del av et st\u00f8rre \u00f8kosystem innen mobile tjenester og l\u00f8sninger.<\/p>\n<p>Iserv leverer og utvikler Skytjenester fra v\u00e5r plattform mot ulike Skyteknologier.\u00a0Mange av v\u00e5re\u00a0utviklings- og digitaliseringsprosjekt mot kunder er bygget opp rundt Microsoft 365 og Dynamics 365 Skyl\u00f8sninger. Det har resultert i utvikling av l\u00f8sninger, verkt\u00f8y og rammeverk pakket inn i utviklingstjenesten\u00a0365 Integrerte Skytjenester\u00a0som benyttes av kunder i digitaliseringsprosjekt.<\/p>\n<\/div>\n<\/div>\n<\/div>\n<\/div>\n<\/div>\n<\/div>\n<div class=\"elementor-column elementor-col-50 elementor-top-column elementor-element elementor-element-557c99e\" data-id=\"557c99e\" data-element_type=\"column\">\n<div class=\"elementor-column-wrap elementor-element-populated\">\n<div class=\"elementor-widget-wrap\">\n<div class=\"elementor-element elementor-element-0ef8679 elementor-widget elementor-widget-text-editor\" data-id=\"0ef8679\" data-element_type=\"widget\" data-widget_type=\"text-editor.default\">\n<div class=\"elementor-widget-container\">\n<div class=\"elementor-text-editor elementor-clearfix\">\n<p>St\u00f8rre utviklingsprosjekter har ogs\u00e5 resultert i Skyprodukter for ulike bransjer. Iserv leverer Skyl\u00f8sningen Shipping Online p\u00e5 Microsoft sin Skyteknologi og bruk av 365 Integrerte Skytjenester. Shipping Online er et Skipsmeglersystem som benyttes av store og sm\u00e5 skipsmeglerselskap. BIO 3000 er et annet produkt som benytter kunstig intelligens teknologi for biomassem\u00e5ling og telling av fisk . L\u00f8sningen er levert p\u00e5 en Linux plattform med verkt\u00f8y som TensorFlow, Node.JS, REACT og OpenCV. L\u00f8sningen benyttes i dag av flere store oppdrettselskap.<\/p>\n<p>Bruk av Skyteknologi har endret m\u00e5ten utviklingsteam bygger og leverer skyl\u00f8sninger p\u00e5. Iserv sitt utviklingsmilj\u00f8 benytter prosjektmetodikken Agile sammen med\u00a0DevOps\u00a0practice i utvikling og leveranser av Skytjenestener.<\/p>\n<p>Iserv opplever i dag en st\u00f8rre ettersp\u00f8rsel etter v\u00e5re tjenester hvor vi kan levere kundel\u00f8sninger innenfor et stort spekter av tjenester. Tjenestene leveres fra en plattforml\u00f8sning og et kontaktpunkt. V\u00e5re driftssystemer overv\u00e5ker tjenestene\u00a0 og v\u00e5r\u00a0Kunderservice\u00a0bist\u00e5r med support helt ut til endeutstyret.<\/p>\n<\/div>\n<\/div>\n<\/div>\n<\/div>\n<\/div>\n<\/div>\n<\/div>\n<\/div>\n<\/section>\n<p><img decoding=\"async\" loading=\"lazy\" class=\"size-medium wp-image-385 alignright\" src=\"http:\/\/signaler.no\/wp-content\/uploads\/2021\/03\/1186226_1409976345886074_575019911_n-300x193.png\" alt=\"\" width=\"300\" height=\"193\" srcset=\"https:\/\/signaler.no\/wp-content\/uploads\/2021\/03\/1186226_1409976345886074_575019911_n-300x193.png 300w, https:\/\/signaler.no\/wp-content\/uploads\/2021\/03\/1186226_1409976345886074_575019911_n-768x494.png 768w, https:\/\/signaler.no\/wp-content\/uploads\/2021\/03\/1186226_1409976345886074_575019911_n.png 899w\" sizes=\"(max-width: 300px) 100vw, 300px\" \/><\/p>\n<p>&nbsp;<\/p>\n<p>Du finner v\u00e5re hjemmesider<a href=\"https:\/\/iserv.no\/\"> her.<\/a><\/p>\n<\/article>\n<\/div>\n","protected":false},"excerpt":{"rendered":"<p>Iserv Computing AS har siden oppstarten i 2010 levert IT-Driftstjenester og utviklingstjenester til sm\u00e5 og store selskaper. Med bakgrunn i kunders ettersp\u00f8rsel [&hellip;]<\/p>\n","protected":false},"author":2,"featured_media":0,"parent":28,"menu_order":0,"comment_status":"closed","ping_status":"closed","template":"","meta":[],"_links":{"self":[{"href":"https:\/\/signaler.no\/index.php?rest_route=\/wp\/v2\/pages\/42"}],"collection":[{"href":"https:\/\/signaler.no\/index.php?rest_route=\/wp\/v2\/pages"}],"about":[{"href":"https:\/\/signaler.no\/index.php?rest_route=\/wp\/v2\/types\/page"}],"author":[{"embeddable":true,"href":"https:\/\/signaler.no\/index.php?rest_route=\/wp\/v2\/users\/2"}],"replies":[{"embeddable":true,"href":"https:\/\/signaler.no\/index.php?rest_route=%2Fwp%2Fv2%2Fcomments&post=42"}],"version-history":[{"count":20,"href":"https:\/\/signaler.no\/index.php?rest_route=\/wp\/v2\/pages\/42\/revisions"}],"predecessor-version":[{"id":44,"href":"https:\/\/signaler.no\/index.php?rest_route=\/wp\/v2\/pages\/42\/revisions\/44"}],"up":[{"embeddable":true,"href":"https:\/\/signaler.no\/index.php?rest_route=\/wp\/v2\/pages\/28"}],"wp:attachment":[{"href":"https:\/\/signaler.no\/index.php?rest_route=%2Fwp%2Fv2%2Fmedia&parent=42"}],"curies":[{"name":"wp","href":"https:\/\/api.w.org\/{rel}","templated":true}]}}