{"id":40,"date":"2017-04-24T12:07:46","date_gmt":"2017-04-24T10:07:46","guid":{"rendered":"http:\/\/signaler.no\/?page_id=40"},"modified":"2018-03-12T09:36:11","modified_gmt":"2018-03-12T08:36:11","slug":"newtown-as","status":"publish","type":"page","link":"https:\/\/signaler.no\/?page_id=40","title":{"rendered":"Newtown AS"},"content":{"rendered":"<p><img decoding=\"async\" loading=\"lazy\" class=\"alignnone wp-image-124\" src=\"http:\/\/signaler.no\/wp-content\/uploads\/2017\/04\/NewTown-300x118.png\" alt=\"\" width=\"372\" height=\"146\" srcset=\"https:\/\/signaler.no\/wp-content\/uploads\/2017\/04\/NewTown-300x118.png 300w, https:\/\/signaler.no\/wp-content\/uploads\/2017\/04\/NewTown-768x303.png 768w, https:\/\/signaler.no\/wp-content\/uploads\/2017\/04\/NewTown-1024x404.png 1024w, https:\/\/signaler.no\/wp-content\/uploads\/2017\/04\/NewTown.png 1498w\" sizes=\"(max-width: 372px) 100vw, 372px\" \/><\/p>\n<p>Vi har n\u00e5 tilgjengelig b\u00e5tplasser p\u00e5 ny flytebrygge i Flekkefjord sentrum med tilh\u00f8rende parkering.<br \/>\nAvtaler for 10 eller 25 \u00e5r.<\/p>\n<p>Priser fra 40.000kr<br \/>\n<img decoding=\"async\" loading=\"lazy\" class=\"alignnone size-medium wp-image-363\" src=\"http:\/\/signaler.no\/wp-content\/uploads\/2018\/03\/flytebrygge-bilde-300x225.jpg\" alt=\"\" width=\"300\" height=\"225\" srcset=\"https:\/\/signaler.no\/wp-content\/uploads\/2018\/03\/flytebrygge-bilde-300x225.jpg 300w, https:\/\/signaler.no\/wp-content\/uploads\/2018\/03\/flytebrygge-bilde-768x576.jpg 768w, https:\/\/signaler.no\/wp-content\/uploads\/2018\/03\/flytebrygge-bilde-1024x768.jpg 1024w\" sizes=\"(max-width: 300px) 100vw, 300px\" \/> <img decoding=\"async\" loading=\"lazy\" class=\"alignnone size-medium wp-image-364\" src=\"http:\/\/signaler.no\/wp-content\/uploads\/2018\/03\/Flytebrygge-300x210.jpg\" alt=\"\" width=\"300\" height=\"210\" srcset=\"https:\/\/signaler.no\/wp-content\/uploads\/2018\/03\/Flytebrygge-300x210.jpg 300w, https:\/\/signaler.no\/wp-content\/uploads\/2018\/03\/Flytebrygge-768x538.jpg 768w, https:\/\/signaler.no\/wp-content\/uploads\/2018\/03\/Flytebrygge-1024x717.jpg 1024w, https:\/\/signaler.no\/wp-content\/uploads\/2018\/03\/Flytebrygge.jpg 1253w\" sizes=\"(max-width: 300px) 100vw, 300px\" \/><br \/>\nFor mer informasjon kontakt Maja Kongevold 40217608 eller Leif Alfred Kongevold 99216356<br \/>\nEller send epost til <a href=\"mailto:Office@newtown.no\">Office@newtown.no<\/a><\/p>\n","protected":false},"excerpt":{"rendered":"<p>Vi har n\u00e5 tilgjengelig b\u00e5tplasser p\u00e5 ny flytebrygge i Flekkefjord sentrum med tilh\u00f8rende parkering. Avtaler for 10 eller 25 \u00e5r. Priser fra [&hellip;]<\/p>\n","protected":false},"author":2,"featured_media":0,"parent":28,"menu_order":0,"comment_status":"closed","ping_status":"closed","template":"","meta":[],"_links":{"self":[{"href":"https:\/\/signaler.no\/index.php?rest_route=\/wp\/v2\/pages\/40"}],"collection":[{"href":"https:\/\/signaler.no\/index.php?rest_route=\/wp\/v2\/pages"}],"about":[{"href":"https:\/\/signaler.no\/index.php?rest_route=\/wp\/v2\/types\/page"}],"author":[{"embeddable":true,"href":"https:\/\/signaler.no\/index.php?rest_route=\/wp\/v2\/users\/2"}],"replies":[{"embeddable":true,"href":"https:\/\/signaler.no\/index.php?rest_route=%2Fwp%2Fv2%2Fcomments&post=40"}],"version-history":[{"count":8,"href":"https:\/\/signaler.no\/index.php?rest_route=\/wp\/v2\/pages\/40\/revisions"}],"predecessor-version":[{"id":367,"href":"https:\/\/signaler.no\/index.php?rest_route=\/wp\/v2\/pages\/40\/revisions\/367"}],"up":[{"embeddable":true,"href":"https:\/\/signaler.no\/index.php?rest_route=\/wp\/v2\/pages\/28"}],"wp:attachment":[{"href":"https:\/\/signaler.no\/index.php?rest_route=%2Fwp%2Fv2%2Fmedia&parent=40"}],"curies":[{"name":"wp","href":"https:\/\/api.w.org\/{rel}","templated":true}]}}