{"id":368,"date":"2018-03-12T09:58:18","date_gmt":"2018-03-12T08:58:18","guid":{"rendered":"http:\/\/signaler.no\/?page_id=368"},"modified":"2021-03-24T15:10:04","modified_gmt":"2021-03-24T14:10:04","slug":"boiler-tech","status":"publish","type":"page","link":"https:\/\/signaler.no\/?page_id=368","title":{"rendered":"Boilertech"},"content":{"rendered":"<p class=\"font_7\"><span class=\"color_20\"><br \/>\nBoilerTECH AS<\/span> er et selskap med solid kompetanse og erfaring fra systemer med damp- og varmtvannskjeler i det norske markedet.<br \/>\n<span class=\"color_20\">BoilerTECH AS<\/span> best\u00e5r av personell som har flere ti-\u00e5rs erfaring med konstruksjon, bygging og vedlikehold av kjeler og\u00a0kjel-relaterte produkter.<br \/>\nV\u00e5re kunder \u00f8nsker kvalifiserte serviceteknikere og tilgang p\u00e5 reservedeler for \u00e5 sikre kontinuerlig drift.<br \/>\nVi kjenner kundene og kundene kjenner oss.<\/p>\n<p class=\"font_7\"><span class=\"wixGuard\">\u200b<\/span>Vi kan tilby den beste l\u00f8sningen ved produksjon og oppf\u00f8lging lokalt, eller l\u00f8sninger som er kombinert med importerte produkter. Med flotte produksjonsfasiliteter hos Steis Mekaniske Verksted p\u00e5 Tonstad og v\u00e5rt store kontaktnett i bransjen, kan vi tilby komplette l\u00f8sninger etter kundens \u00f8nske. Steis Mekaniske Verksted AS s\u00f8rger for at v\u00e5re produkter er norsk produsert.<\/p>\n<p>Kontakt:<br \/>\ntlf. 383 75 200<br \/>\nepost: <a href=\"mailto:post@boilertech.no\">post@boilertech.no<\/a><br \/>\nadresse: BoilerTECH AS, Lasta 50, 4400 Flekkefjord<\/p>\n<p>V\u00e5re hjemmesider:<\/p>\n<p><a href=\"https:\/\/www.boilertech.no\/\"><img decoding=\"async\" loading=\"lazy\" class=\"alignnone size-medium wp-image-374\" src=\"http:\/\/signaler.no\/wp-content\/uploads\/2018\/03\/Logo-Boilertech-300x60.jpg\" alt=\"\" width=\"300\" height=\"60\" srcset=\"https:\/\/signaler.no\/wp-content\/uploads\/2018\/03\/Logo-Boilertech-300x60.jpg 300w, https:\/\/signaler.no\/wp-content\/uploads\/2018\/03\/Logo-Boilertech-768x155.jpg 768w, https:\/\/signaler.no\/wp-content\/uploads\/2018\/03\/Logo-Boilertech.jpg 770w\" sizes=\"(max-width: 300px) 100vw, 300px\" \/><\/a><\/p>\n","protected":false},"excerpt":{"rendered":"<p>BoilerTECH AS er et selskap med solid kompetanse og erfaring fra systemer med damp- og varmtvannskjeler i det norske markedet. BoilerTECH AS [&hellip;]<\/p>\n","protected":false},"author":2,"featured_media":0,"parent":28,"menu_order":0,"comment_status":"closed","ping_status":"closed","template":"page-templates\/page_fullwidth.php","meta":[],"_links":{"self":[{"href":"https:\/\/signaler.no\/index.php?rest_route=\/wp\/v2\/pages\/368"}],"collection":[{"href":"https:\/\/signaler.no\/index.php?rest_route=\/wp\/v2\/pages"}],"about":[{"href":"https:\/\/signaler.no\/index.php?rest_route=\/wp\/v2\/types\/page"}],"author":[{"embeddable":true,"href":"https:\/\/signaler.no\/index.php?rest_route=\/wp\/v2\/users\/2"}],"replies":[{"embeddable":true,"href":"https:\/\/signaler.no\/index.php?rest_route=%2Fwp%2Fv2%2Fcomments&post=368"}],"version-history":[{"count":10,"href":"https:\/\/signaler.no\/index.php?rest_route=\/wp\/v2\/pages\/368\/revisions"}],"predecessor-version":[{"id":432,"href":"https:\/\/signaler.no\/index.php?rest_route=\/wp\/v2\/pages\/368\/revisions\/432"}],"up":[{"embeddable":true,"href":"https:\/\/signaler.no\/index.php?rest_route=\/wp\/v2\/pages\/28"}],"wp:attachment":[{"href":"https:\/\/signaler.no\/index.php?rest_route=%2Fwp%2Fv2%2Fmedia&parent=368"}],"curies":[{"name":"wp","href":"https:\/\/api.w.org\/{rel}","templated":true}]}}