{"id":191,"date":"2017-05-02T11:02:00","date_gmt":"2017-05-02T09:02:00","guid":{"rendered":"http:\/\/signaler.no\/?page_id=191"},"modified":"2021-03-25T14:22:54","modified_gmt":"2021-03-25T13:22:54","slug":"dette-er-en-test","status":"publish","type":"page","link":"https:\/\/signaler.no\/","title":{"rendered":"OM OSS"},"content":{"rendered":"<p style=\"text-align: left;\"><b>Signaler er en n\u00e6ringshage som i dag huser 9 forskjellige bedrifter i Flekkefjord.<br \/>\nDet er store variasjoner i bedriftenes st\u00f8rrelse, men ogs\u00e5 i bransjer.<\/b><\/p>\n<p style=\"text-align: left;\"><b><br \/>\nVi har kontorer i to etasjer med tilh\u00f8rende fellesarealer som konferanserom, spiserom, toaletter mv.<\/b><\/p>\n<h4 style=\"text-align: center;\"><b><br \/>\nEr du interessert i kontorplass hos oss?\u00a0Kontaktinformasjon finner du<a href=\"http:\/\/signaler.no\/?page_id=32\">\u00a0her.<\/a><br \/>\n<\/b><\/h4>\n","protected":false},"excerpt":{"rendered":"<p>Signaler er en n\u00e6ringshage som i dag huser 9 forskjellige bedrifter i Flekkefjord. Det er store variasjoner i bedriftenes st\u00f8rrelse, men ogs\u00e5 [&hellip;]<\/p>\n","protected":false},"author":2,"featured_media":0,"parent":0,"menu_order":0,"comment_status":"closed","ping_status":"closed","template":"","meta":[],"_links":{"self":[{"href":"https:\/\/signaler.no\/index.php?rest_route=\/wp\/v2\/pages\/191"}],"collection":[{"href":"https:\/\/signaler.no\/index.php?rest_route=\/wp\/v2\/pages"}],"about":[{"href":"https:\/\/signaler.no\/index.php?rest_route=\/wp\/v2\/types\/page"}],"author":[{"embeddable":true,"href":"https:\/\/signaler.no\/index.php?rest_route=\/wp\/v2\/users\/2"}],"replies":[{"embeddable":true,"href":"https:\/\/signaler.no\/index.php?rest_route=%2Fwp%2Fv2%2Fcomments&post=191"}],"version-history":[{"count":18,"href":"https:\/\/signaler.no\/index.php?rest_route=\/wp\/v2\/pages\/191\/revisions"}],"predecessor-version":[{"id":457,"href":"https:\/\/signaler.no\/index.php?rest_route=\/wp\/v2\/pages\/191\/revisions\/457"}],"wp:attachment":[{"href":"https:\/\/signaler.no\/index.php?rest_route=%2Fwp%2Fv2%2Fmedia&parent=191"}],"curies":[{"name":"wp","href":"https:\/\/api.w.org\/{rel}","templated":true}]}}