{"id":146,"date":"2017-04-26T12:43:16","date_gmt":"2017-04-26T10:43:16","guid":{"rendered":"http:\/\/signaler.no\/?page_id=146"},"modified":"2021-03-24T14:08:14","modified_gmt":"2021-03-24T13:08:14","slug":"trimeriet","status":"publish","type":"page","link":"https:\/\/signaler.no\/?page_id=146","title":{"rendered":"Instinct Flekkefjord"},"content":{"rendered":"<div class=\"_3-8w\">\n<div id=\"id_59117b75173614860491222\" class=\"text_exposed_root text_exposed\">\n<h1 class=\"text-align-center\">Trening for alle<\/h1>\n<p class=\"text-align-center\">Instinct Flekkefjord er ditt lokale treningssenter, med stor variasjon i tilbudet. Vi tilbyr individuell oppf\u00f8lging i forhold til fysioterapi \u00a0gjennom Slippen Fysioterapi, og personlig trening og kostholdsveiledning gjennom Cecilie Kongevold. I tillegg har vi dyktige instrukt\u00f8rer og en meget variert og bred timeplan for gruppetreninger. Vi er i dag tolv ansatte og fem selvstendig n\u00e6ringsdrivende. Senteret er d\u00f8gn\u00e5pent, hele \u00e5ret for medlemmer.<\/p>\n<h3 class=\"text-align-center\">Kompetanse i alle ledd<\/h3>\n<p class=\"text-align-center\">P\u00e5 senteret er vi to fysioterapeuter og alle v\u00e5re instrukt\u00f8rer har lang erfaring innenfor trening, kosthold eller gruppetrening.\u00a0Alle vi som jobber ved senteret skal s\u00f8rge for \u00e5 gi deg et helhetlig, profesjonelt og kvalitetssikret tilbud. Her har vi trening for alle! (OBS: Nedre aldersgrense er fra det \u00e5ret man fyller 15. Ved innmelding av ungdom under 18 \u00e5r m\u00e5 foresatte signere kontrakt).<\/p>\n<h3 class=\"text-align-center\">Fasiliteter<\/h3>\n<p class=\"text-align-center\">Vi har totalt ca. 450 m2 med treningssenter inkludert dusjmuligheter, handikap wc, vanlig wc, gruppetreningssal p\u00e5 ca. 120 m2 og en flott utstyrspark. Utstyret er av h\u00f8y internasjonal kvalitet best\u00e5ende av flere forskjellige styrke og kondisjonsapparater.<\/p>\n<p class=\"text-align-center\">Vi \u00f8nsker og v\u00e6re en viktig st\u00f8ttespiller for \u00e5 fremme den mentale og fysiske helsetilstanden gjennom \u00e5 p\u00e5virke til en sunnere livsstil. Her vil vi med v\u00e5re lokaler, kunnskap og ekspertise kunne tilby individuell oppf\u00f8lging av den enkelte, gruppetimer og ulike bedriftstilbud, kurs etc.<\/p>\n<p class=\"text-align-center\">Helsefremmende fysisk aktivitet gir \u00f8kt overskudd, virker positivt p\u00e5 hum\u00f8ret, og er en fin mulighet til sosialt samv\u00e6r. Trening gir store helsegevinster i form av redusert sykdomsrisiko, bedre funksjonsniv\u00e5 og \u00f8kt arbeidskapasitet. Vi tilpasser ogs\u00e5 s\u00e5ler for korrigering av fotfeilstillinger. Friske og sunne mennesker yter mer!<\/p>\n<p>Du kan lese mer om oss <a href=\"http:\/\/instinctflekkefjord.no\/#instinctflekkefjord\">her<\/a><\/p>\n<p class=\"text-align-center\">VELKOMMEN TIL OSS<\/p>\n<h3 class=\"text-align-center\">Standard 449,-\u00a0 \/ Bedrift\/Student\/Honn\u00f8r 399,- \/ Ungdom 299,-\u00a0 Pris pr.mnd med l\u00f8pende avtalegirotrekk.<\/h3>\n<\/div>\n<\/div>\n","protected":false},"excerpt":{"rendered":"<p>Trening for alle Instinct Flekkefjord er ditt lokale treningssenter, med stor variasjon i tilbudet. Vi tilbyr individuell oppf\u00f8lging i forhold til fysioterapi [&hellip;]<\/p>\n","protected":false},"author":2,"featured_media":389,"parent":28,"menu_order":0,"comment_status":"closed","ping_status":"closed","template":"page-full_width.php","meta":[],"_links":{"self":[{"href":"https:\/\/signaler.no\/index.php?rest_route=\/wp\/v2\/pages\/146"}],"collection":[{"href":"https:\/\/signaler.no\/index.php?rest_route=\/wp\/v2\/pages"}],"about":[{"href":"https:\/\/signaler.no\/index.php?rest_route=\/wp\/v2\/types\/page"}],"author":[{"embeddable":true,"href":"https:\/\/signaler.no\/index.php?rest_route=\/wp\/v2\/users\/2"}],"replies":[{"embeddable":true,"href":"https:\/\/signaler.no\/index.php?rest_route=%2Fwp%2Fv2%2Fcomments&post=146"}],"version-history":[{"count":10,"href":"https:\/\/signaler.no\/index.php?rest_route=\/wp\/v2\/pages\/146\/revisions"}],"predecessor-version":[{"id":400,"href":"https:\/\/signaler.no\/index.php?rest_route=\/wp\/v2\/pages\/146\/revisions\/400"}],"up":[{"embeddable":true,"href":"https:\/\/signaler.no\/index.php?rest_route=\/wp\/v2\/pages\/28"}],"wp:featuredmedia":[{"embeddable":true,"href":"https:\/\/signaler.no\/index.php?rest_route=\/wp\/v2\/media\/389"}],"wp:attachment":[{"href":"https:\/\/signaler.no\/index.php?rest_route=%2Fwp%2Fv2%2Fmedia&parent=146"}],"curies":[{"name":"wp","href":"https:\/\/api.w.org\/{rel}","templated":true}]}}